{"id":110,"date":"2021-04-15T18:36:31","date_gmt":"2021-04-15T22:36:31","guid":{"rendered":"https:\/\/taxitaxiapp.com\/sitio\/?page_id=110"},"modified":"2021-04-15T21:38:35","modified_gmt":"2021-04-16T01:38:35","slug":"centro-de-ayuda","status":"publish","type":"page","link":"https:\/\/taxitaxiapp.com\/sitio\/index.php\/centro-de-ayuda\/","title":{"rendered":"Centro de Ayuda"},"content":{"rendered":"\n<p><strong>Preguntas Frecuentes (Clientes)<\/strong><\/p>\n\n\n\n<ul><li>\u00bfCu\u00e1les servicios puedo solicitar por la Aplicaci\u00f3n Taxi-Taxi?<\/li><\/ul>\n\n\n\n<p>R. Por ahora, s\u00f3lo Traslados y Delivery (Entregas o Despachos de art\u00edculos o mercanc\u00eda de manejo legal)<\/p>\n\n\n\n<ul><li>\u00bfPuedo Cancelar una Solicitud despu\u00e9s de crearla?<\/li><\/ul>\n\n\n\n<p>R. S\u00ed. Puede ir a la secci\u00f3n Solicitudes, y usarla opci\u00f3n CANCELAR. No abuse de esta opci\u00f3n, ya que con 3 cancelaciones seguidas, se bloquear\u00e1 su usuario.<\/p>\n\n\n\n<ul><li>\u00bfQu\u00e9 hago si el Conductor no llega a tiempo a recogerme?<\/li><\/ul>\n\n\n\n<p>R. Tiene la Opci\u00f3n de Calificarlo Negativamente, y esto afectar\u00e1 su reputaci\u00f3n en la Red Social.<\/p>\n\n\n\n<ul><li>\u00bfA qui\u00e9n, y C\u00f3mo pago el servicio recibido?<\/li><\/ul>\n\n\n\n<p>R. Pague al Conductor el monto Determinado por la Aplicaci\u00f3n. Trabajamos para pagos a trav\u00e9s de la Plataforma.<\/p>\n\n\n\n<ul><li>\u00bfEl uso de la Aplicaci\u00f3n tiene alg\u00fan costo?<\/li><\/ul>\n\n\n\n<p>R. S\u00ed. S\u00f3lo para los Conductores, ya que se comparte un Beneficio Econ\u00f3mico al prestar un servicio. Para los clientes, el uso de la Aplicaci\u00f3n, es gratuito.<\/p>\n\n\n\n<p><\/p>\n\n\n\n<hr class=\"wp-block-separator\"\/>\n\n\n\n<p><strong>Preguntas Frecuentes (Conductores)<\/strong><\/p>\n\n\n\n<ul><li>\u00bfPor qu\u00e9 se tiene pagar un porcentaje a la Plataforma?<\/li><\/ul>\n\n\n\n<p>R. Compartimos un beneficio econ\u00f3mico. Los Productos Tecnol\u00f3gicos Digitales, tienen un alto costo de desarrollo y mantenimiento, para garantizar la dsponibilidad y operatividad del servicio. Con sus aportes, seguimos invirtiendo en mejoras, y generamos medios de sustento para mucha gente.<\/p>\n\n\n\n<ul><li>\u00bfCu\u00e1nto cobra la Plataforma?<\/li><\/ul>\n\n\n\n<p>R. La plataforma, recibe el 10% de cada servicio ejecutado, descontando del Balance del usuario Conductor.<\/p>\n\n\n\n<ul><li>\u00bfPuedo tomar mi primer servicio sin abonar a la plataforma?<\/li><\/ul>\n\n\n\n<p>R. La plataforma te admitir\u00e1 un Balance negativo, hasta cierto monto establecio, que te permita realizar un servicio corto. Luego de este monto, deber\u00e1s abonar, para poder seguir tomando servicios.<\/p>\n\n\n\n<ul><li>\u00bfExiste otra forma en que pueda generar para cubrir mis consumos?<\/li><\/ul>\n\n\n\n<p>R. S\u00ed. Patrocina Conductores con tu c\u00f3digo de afiliado, y gana una peque\u00f1a fracci\u00f3n de cada servicio que hagan (condiciones aplican). Recomienda la plataforma.<\/p>\n\n\n\n<ul><li>\u00bfPor qu\u00e9 no veo solicitudes abiertas?<\/li><\/ul>\n\n\n\n<p>R. No hay solicitudes cercanas a tu \u00faltima posici\u00f3n registrada. S\u00f3lo se muestran solicitudes hasta cierta distancia en Kms. Recomienda la Aplicaci\u00f3n a vecinos cercanos a tu residencia. Abre la APP Conductor regularmente.<\/p>\n\n\n\n<ul><li>Me lleg\u00f3 una notificaci\u00f3n de una Nueva Solicitud, pero no la veo en Solicitudes Abiertas.<\/li><\/ul>\n\n\n\n<p>R. Otro Conductor ya tom\u00f3 ese servicio. En caso de que el cliente lo descarte (por alguna raz\u00f3n), volver\u00e1 a ser visible. <\/p>\n\n\n\n<ul><li>Ya dej\u00e9 al Cliente. \u00bfAhora, qu\u00e9?<\/li><\/ul>\n\n\n\n<p>Marca el Servicio como Terminado, y Califica al cliente. Ver\u00e1s la Solicitud hasta que el cliente te califique, o la orden se cierre por el sistema.<\/p>\n\n\n\n<p><\/p>\n","protected":false},"excerpt":{"rendered":"<p>Preguntas Frecuentes (Clientes) \u00bfCu\u00e1les servicios puedo solicitar por la Aplicaci\u00f3n Taxi-Taxi? R. Por ahora, s\u00f3lo Traslados y Delivery (Entregas o Despachos de art\u00edculos o mercanc\u00eda de manejo legal) \u00bfPuedo Cancelar una Solicitud despu\u00e9s de crearla? R. S\u00ed. Puede ir a la secci\u00f3n Solicitudes, y usarla opci\u00f3n CANCELAR. No abuse de esta opci\u00f3n, ya que con [&hellip;]<\/p>\n","protected":false},"author":1,"featured_media":0,"parent":0,"menu_order":0,"comment_status":"closed","ping_status":"closed","template":"","meta":{"om_disable_all_campaigns":false,"footnotes":""},"_links":{"self":[{"href":"https:\/\/taxitaxiapp.com\/sitio\/index.php\/wp-json\/wp\/v2\/pages\/110"}],"collection":[{"href":"https:\/\/taxitaxiapp.com\/sitio\/index.php\/wp-json\/wp\/v2\/pages"}],"about":[{"href":"https:\/\/taxitaxiapp.com\/sitio\/index.php\/wp-json\/wp\/v2\/types\/page"}],"author":[{"embeddable":true,"href":"https:\/\/taxitaxiapp.com\/sitio\/index.php\/wp-json\/wp\/v2\/users\/1"}],"replies":[{"embeddable":true,"href":"https:\/\/taxitaxiapp.com\/sitio\/index.php\/wp-json\/wp\/v2\/comments?post=110"}],"version-history":[{"count":8,"href":"https:\/\/taxitaxiapp.com\/sitio\/index.php\/wp-json\/wp\/v2\/pages\/110\/revisions"}],"predecessor-version":[{"id":217,"href":"https:\/\/taxitaxiapp.com\/sitio\/index.php\/wp-json\/wp\/v2\/pages\/110\/revisions\/217"}],"wp:attachment":[{"href":"https:\/\/taxitaxiapp.com\/sitio\/index.php\/wp-json\/wp\/v2\/media?parent=110"}],"curies":[{"name":"wp","href":"https:\/\/api.w.org\/{rel}","templated":true}]}}