{"id":13,"date":"2021-04-15T20:29:59","date_gmt":"2021-04-15T20:29:59","guid":{"rendered":"https:\/\/taxitaxiapp.com\/sitio\/?page_id=13"},"modified":"2021-08-28T21:27:08","modified_gmt":"2021-08-29T01:27:08","slug":"descargas","status":"publish","type":"page","link":"https:\/\/taxitaxiapp.com\/sitio\/index.php\/descargas\/","title":{"rendered":"Descargas"},"content":{"rendered":"\n<div class=\"wp-block-media-text alignwide is-stacked-on-mobile\"><figure class=\"wp-block-media-text__media\"><a href=\"http:\/\/todoenlanube.000webhostapp.com\/taxi-taxi\/download\/cliente\/\" target=\"_blank\" rel=\"noopener\"><img loading=\"lazy\" decoding=\"async\" width=\"1024\" height=\"1024\" src=\"https:\/\/taxitaxiapp.com\/sitio\/wp-content\/uploads\/2021\/04\/icon1-1024x1024.png\" alt=\"\" class=\"wp-image-122 size-full\" srcset=\"https:\/\/taxitaxiapp.com\/sitio\/wp-content\/uploads\/2021\/04\/icon1.png 1024w, https:\/\/taxitaxiapp.com\/sitio\/wp-content\/uploads\/2021\/04\/icon1-300x300.png 300w, https:\/\/taxitaxiapp.com\/sitio\/wp-content\/uploads\/2021\/04\/icon1-150x150.png 150w, https:\/\/taxitaxiapp.com\/sitio\/wp-content\/uploads\/2021\/04\/icon1-768x768.png 768w\" sizes=\"(max-width: 1024px) 100vw, 1024px\" \/><\/a><\/figure><div class=\"wp-block-media-text__content\">\n<p class=\"has-large-font-size\"><a href=\"https:\/\/taxitaxiapp.com\/cliente\" target=\"_blank\" rel=\"noreferrer noopener\">Aplicaci\u00f3n para Clientes<\/a><\/p>\n<\/div><\/div>\n\n\n\n<div class=\"wp-block-group\"><div class=\"wp-block-group__inner-container is-layout-flow wp-block-group-is-layout-flow\">\n<div class=\"wp-block-columns is-layout-flex wp-container-core-columns-is-layout-1 wp-block-columns-is-layout-flex\">\n<div class=\"wp-block-column is-layout-flow wp-block-column-is-layout-flow\" style=\"flex-basis:100%\">\n<figure class=\"wp-block-pullquote\"><blockquote><p><a href=\"http:\/\/taxitaxiapp.com\/navegador\" target=\"_blank\" rel=\"noreferrer noopener\">USAR LA VERSI\u00d3N WEB DE CLIENTE<\/a><\/p><cite>PARA USUARIOS NO-ANDROID<\/cite><\/blockquote><\/figure>\n\n\n\n<div class=\"wp-block-group\"><div class=\"wp-block-group__inner-container is-layout-flow wp-block-group-is-layout-flow\"><\/div><\/div>\n<\/div>\n<\/div>\n<\/div><\/div>\n\n\n\n<hr class=\"wp-block-separator aligncenter\"\/>\n\n\n\n<div class=\"wp-block-media-text alignwide is-stacked-on-mobile\"><figure class=\"wp-block-media-text__media\"><a href=\"http:\/\/todoenlanube.000webhostapp.com\/taxi-taxi\/download\/conductor\/\" target=\"_blank\" rel=\"noopener\"><img loading=\"lazy\" decoding=\"async\" width=\"1024\" height=\"1024\" src=\"https:\/\/taxitaxiapp.com\/sitio\/wp-content\/uploads\/2021\/04\/icon2-1024x1024.png\" alt=\"\" class=\"wp-image-123 size-full\" srcset=\"https:\/\/taxitaxiapp.com\/sitio\/wp-content\/uploads\/2021\/04\/icon2.png 1024w, https:\/\/taxitaxiapp.com\/sitio\/wp-content\/uploads\/2021\/04\/icon2-300x300.png 300w, https:\/\/taxitaxiapp.com\/sitio\/wp-content\/uploads\/2021\/04\/icon2-150x150.png 150w, https:\/\/taxitaxiapp.com\/sitio\/wp-content\/uploads\/2021\/04\/icon2-768x768.png 768w\" sizes=\"(max-width: 1024px) 100vw, 1024px\" \/><\/a><\/figure><div class=\"wp-block-media-text__content\">\n<p class=\"has-large-font-size\"><a href=\"https:\/\/taxitaxiapp.com\/conductor\" target=\"_blank\" rel=\"noreferrer noopener\">Aplicaci\u00f3n para Conductores<\/a><\/p>\n<\/div><\/div>\n\n\n\n<figure class=\"wp-block-pullquote\"><blockquote><p><a href=\"http:\/\/taxitaxiapp.com\/conductorweb\" target=\"_blank\" rel=\"noreferrer noopener\">USAR LA VERSI\u00d3N WEB DE CONDUCTOR<\/a><\/p><cite>PARA USUARIOS NO-ANDROID<\/cite><\/blockquote><\/figure>\n","protected":false},"excerpt":{"rendered":"<p>Aplicaci\u00f3n para Clientes USAR LA VERSI\u00d3N WEB DE CLIENTE PARA USUARIOS NO-ANDROID Aplicaci\u00f3n para Conductores USAR LA VERSI\u00d3N WEB DE CONDUCTOR PARA USUARIOS NO-ANDROID<\/p>\n","protected":false},"author":1,"featured_media":0,"parent":0,"menu_order":0,"comment_status":"closed","ping_status":"closed","template":"","meta":{"om_disable_all_campaigns":false,"footnotes":""},"_links":{"self":[{"href":"https:\/\/taxitaxiapp.com\/sitio\/index.php\/wp-json\/wp\/v2\/pages\/13"}],"collection":[{"href":"https:\/\/taxitaxiapp.com\/sitio\/index.php\/wp-json\/wp\/v2\/pages"}],"about":[{"href":"https:\/\/taxitaxiapp.com\/sitio\/index.php\/wp-json\/wp\/v2\/types\/page"}],"author":[{"embeddable":true,"href":"https:\/\/taxitaxiapp.com\/sitio\/index.php\/wp-json\/wp\/v2\/users\/1"}],"replies":[{"embeddable":true,"href":"https:\/\/taxitaxiapp.com\/sitio\/index.php\/wp-json\/wp\/v2\/comments?post=13"}],"version-history":[{"count":27,"href":"https:\/\/taxitaxiapp.com\/sitio\/index.php\/wp-json\/wp\/v2\/pages\/13\/revisions"}],"predecessor-version":[{"id":84461,"href":"https:\/\/taxitaxiapp.com\/sitio\/index.php\/wp-json\/wp\/v2\/pages\/13\/revisions\/84461"}],"wp:attachment":[{"href":"https:\/\/taxitaxiapp.com\/sitio\/index.php\/wp-json\/wp\/v2\/media?parent=13"}],"curies":[{"name":"wp","href":"https:\/\/api.w.org\/{rel}","templated":true}]}}