{"id":84452,"date":"2021-08-28T21:15:05","date_gmt":"2021-08-29T01:15:05","guid":{"rendered":"https:\/\/taxitaxiapp.com\/sitio\/?page_id=84452"},"modified":"2021-08-28T21:15:07","modified_gmt":"2021-08-29T01:15:07","slug":"como-funciona-la-plataforma-taxi-taxi","status":"publish","type":"page","link":"https:\/\/taxitaxiapp.com\/sitio\/index.php\/como-funciona-la-plataforma-taxi-taxi\/","title":{"rendered":"\u00bfC\u00f3mo Funciona la Plataforma Taxi-Taxi?"},"content":{"rendered":"\n<p>Los clientes registrados, que requieren un Servicio (Traslado, Delivery), cotizan y crean una solicitud por la APP de clientes, usando el gps del celular.<\/p>\n\n\n\n<p><strong>Tipos de Servicios (Corridas)<\/strong><\/p>\n\n\n\n<p><em>*Traslado: <\/em>Recoger a una(s) persona(s), y llevar a un destino<\/p>\n\n\n\n<p><em>*Delivery (Entrega):<\/em> Recoger un paquete (carga), y entregar en un destino.<\/p>\n\n\n\n<p>El precio del servicio, lo establece la App, seg\u00fan varios factores, como: distancia del recorrido en KMs (origen a destino), tasa de cambio del momento, hora del d\u00eda, d\u00eda Feriado. Actualmente, est\u00e1 activado un factor especial por contingencia de la gasolina.<\/p>\n\n\n\n<p>Una solicitud tiene dos Tiempos. Ahora (Lo antes posible) y Luego (Otro momento). Cuando el cliente elige &#8220;ahora&#8221;, la plataforma busca el Conductor m\u00e1s cercano, y auto-asigna el servicio. Cuando el servicio es para &#8220;luego&#8221; (programado), los conductores desde su propia APP, ven y se postulan para servirlo. <\/p>\n\n\n\n<p>S\u00f3lo un conductor puede estar postulado a la vez. As\u00ed, cuando el cliente rechaza la postulaci\u00f3n de un usuario, la solicitud quedar\u00e1 visible para que otro la tome.<\/p>\n\n\n\n<p>Se notificar\u00e1 de la Nueva Solicitud, a un n\u00famero determinado de conductores &#8220;cercanos&#8221;, a la posici\u00f3n de salida, seg\u00fan fecha y posici\u00f3n GPS, de la \u00faltima vez que usaron la app conductor.<\/p>\n\n\n\n<p>Un Conductor que quiera estar habilitado a postularse, para servir corridas, deber\u00e1 estar validado en la Plataforma. Es decir, haber proporcionado la documentaci\u00f3n que pruebe su identidad, y cumplir las condiciones para mantenerse activo en el sistema.<\/p>\n\n\n\n<p>Cuando el cliente acepte la postulaci\u00f3n, llegado el momento, el Conductor Inicia la recogida. Hasta ahora, tanto cliente, como conductor, podr\u00e1n cancelar (abandonar) la corrida. Cuando el Conductor Inicia el servicio, podr\u00e1 ver los datos del cliente y comunicarse con \u00e9l. En este momento, la Plataforma le descuenta de su balance (saldo), un porcentaje (10%) del monto cotizado, por concepto de uso de la plataforma. Al registrarte, inicias con balance Bs. 0,00. Siempre, la plataforma te permitir\u00e1 un peque\u00f1o sobregiro para tomar alguna carrera corta. Superado este monto, ya no puedes tomar servicios, y deber\u00e1s abonar a la plataforma para tener saldo positivo.<\/p>\n\n\n\n<p>Al dejar al cliente en su destino, marca como Terminada la corrida. Todas estas acciones ser\u00e1n notificadas al correo registrado, seg\u00fan su rol.Ambos, usuario y cliente, siguen viendo la Solicitud en su app, hasta que califican a su contraparte.<\/p>\n\n\n\n<p>Actualmente, estamos trabajando en un Sistema de Notificaciones en la propia App, para que sea m\u00e1s oportuna la informaci\u00f3n.<\/p>\n","protected":false},"excerpt":{"rendered":"<p>Los clientes registrados, que requieren un Servicio (Traslado, Delivery), cotizan y crean una solicitud por la APP de clientes, usando el gps del celular. Tipos de Servicios (Corridas) *Traslado: Recoger a una(s) persona(s), y llevar a un destino *Delivery (Entrega): Recoger un paquete (carga), y entregar en un destino. El precio del servicio, lo establece [&hellip;]<\/p>\n","protected":false},"author":1,"featured_media":0,"parent":0,"menu_order":0,"comment_status":"closed","ping_status":"closed","template":"","meta":{"om_disable_all_campaigns":false,"footnotes":""},"_links":{"self":[{"href":"https:\/\/taxitaxiapp.com\/sitio\/index.php\/wp-json\/wp\/v2\/pages\/84452"}],"collection":[{"href":"https:\/\/taxitaxiapp.com\/sitio\/index.php\/wp-json\/wp\/v2\/pages"}],"about":[{"href":"https:\/\/taxitaxiapp.com\/sitio\/index.php\/wp-json\/wp\/v2\/types\/page"}],"author":[{"embeddable":true,"href":"https:\/\/taxitaxiapp.com\/sitio\/index.php\/wp-json\/wp\/v2\/users\/1"}],"replies":[{"embeddable":true,"href":"https:\/\/taxitaxiapp.com\/sitio\/index.php\/wp-json\/wp\/v2\/comments?post=84452"}],"version-history":[{"count":1,"href":"https:\/\/taxitaxiapp.com\/sitio\/index.php\/wp-json\/wp\/v2\/pages\/84452\/revisions"}],"predecessor-version":[{"id":84453,"href":"https:\/\/taxitaxiapp.com\/sitio\/index.php\/wp-json\/wp\/v2\/pages\/84452\/revisions\/84453"}],"wp:attachment":[{"href":"https:\/\/taxitaxiapp.com\/sitio\/index.php\/wp-json\/wp\/v2\/media?parent=84452"}],"curies":[{"name":"wp","href":"https:\/\/api.w.org\/{rel}","templated":true}]}}